{"id":11,"date":"2016-04-21T22:10:48","date_gmt":"2016-04-21T20:10:48","guid":{"rendered":"http:\/\/www.goaix.rwth-aachen.de\/?page_id=11"},"modified":"2025-05-30T12:15:46","modified_gmt":"2025-05-30T10:15:46","slug":"projekt","status":"publish","type":"page","link":"https:\/\/www.goaix.rwth-aachen.de\/","title":{"rendered":"Willkommen"},"content":{"rendered":"\n\n<p style=\"text-align: justify;\">Die zunehmende Diversit\u00e4t unserer Gesellschaft spiegelt sich auch in der Zusammensetzung der Sch\u00fclerinnen und Sch\u00fcler in den Klassenzimmern wider. Um Kulturen und Glaubensrichtungen verstehen zu lernen, besuchen Lernende im Rahmen des Lehr-Lern-Labors historische, politische und religi\u00f6se Wirk-Orte, denn Dom und Rathaus erz\u00e4hlen genauso Geschichte(n) \u00fcber die Menschen sowohl ihrer Zeit als auch der Gegenwart wie Moscheen, Synagogen, Kirchen und Tempel. Indem Kinder und Jugendliche nicht nur die Genese der verschiedenen Kulturen und Religionen, mit und in denen sie leben, kennenlernen, sondern auch mit ihren Vertretern in Dialog treten, wird ein tolerantes, offenes Miteinander im Bewusstsein der eigenen und der Geschichte anderer gef\u00f6rdert<\/p>\n<p style=\"text-align: justify;\">In einem &#8222;Lehr-Lern-Labor&#8220; werden Sch\u00fcler*innen kompetenzorientiert mit gesellschaftswissenschaftlichen Arbeitstechniken vertraut gemacht (z.B. Archiv- und Quellenarbeit, fachspezifische Recherchetechniken usw.), um anhand von Zeitungsartikeln, Stadtpl\u00e4nen, Briefen und vielem mehr die Genese, Wirkungsgeschichte und gegenw\u00e4rtige Bedeutung eines religi\u00f6sen, historischen oder politischen Ortes in Aachen zu erschlie\u00dfen. Auf dieser Grundlage besuchen die Lernenden vor dem Hintergrund eigener konkreter Fragestellungen den erschlossenen &#8218;Wirk-Ort&#8216;, um eigenst\u00e4ndig &#8218;forschend&#8216; Antworten zu finden. Somit verkn\u00fcpft sich hier\u00a0problemorientierte Quellenarbeit mit forschend-entdeckendem und handlungsorientierten Lernen, um fachdidaktische Anforderungen wie Selbst- und Fremdverstehen, Multiperspektivit\u00e4t sowie kulturelle und religi\u00f6se Historizit\u00e4t f\u00fcr die Sch\u00fcler*innen erlebbar zu machen.<\/p>\n<p style=\"text-align: justify;\">Als Element der Lehramtsausbildung an der RWTH Aachen ist es Kernelement des Projektes, Lehramtsstudierende in diese Arbeit mit Schulklassen einzubinden. Im Rahmen eines Seminars, das\u00a0seit dem\u00a0Sommersemester 2016 angeboten wird, erschlie\u00dfen Lehramtsstudierende das (fach)didaktische Potential au\u00dferschulischer Lernorte, um diesen f\u00fcr verschiedene Lerngruppen aufzubereiten. Ein besonderer Fokus liegt dabei auch auf der digitalen Aufbereitung des &#8218;Wirk-Ortes&#8216;, z.B. im Rahmen von Virtual-Reality-Anwendungen. Damit erhalten die Studierenden im Schutzraum des Projektes einen profunden Einblick in Lehr-Lern-Situationen, um sich hier einerseits selbst in der Lehrerrolle zu erproben und andererseits die M\u00f6glichkeiten und Herausforderungen eines zunehmend digitalisierten Schulalltags kennenzulernen.<\/p>\n<p style=\"text-align: justify;\">Einen \u00dcberblick \u00fcber die Funktionsweise des Lehr-Lern-Labors bietet unser <a href=\"https:\/\/www.goaix.rwth-aachen.de\/wp-content\/uploads\/2020\/01\/goAIX-Strukturplakat-web.pdf\">GoAIX Strukturplakat<\/a>.<\/p>","protected":false},"excerpt":{"rendered":"<p>Die zunehmende Diversit\u00e4t unserer Gesellschaft spiegelt sich auch in der Zusammensetzung der Sch\u00fclerinnen und Sch\u00fcler in den Klassenzimmern wider. Um Kulturen und Glaubensrichtungen verstehen zu lernen, besuchen Lernende im Rahmen des Lehr-Lern-Labors historische, politische und religi\u00f6se Wirk-Orte, denn Dom und Rathaus erz\u00e4hlen genauso Geschichte(n) \u00fcber die Menschen sowohl ihrer Zeit als auch der Gegenwart wie [&hellip;]<\/p>\n","protected":false},"author":6,"featured_media":0,"parent":0,"menu_order":0,"comment_status":"closed","ping_status":"closed","template":"","meta":{"footnotes":""},"class_list":["post-11","page","type-page","status-publish","hentry"],"_links":{"self":[{"href":"https:\/\/www.goaix.rwth-aachen.de\/index.php?rest_route=\/wp\/v2\/pages\/11","targetHints":{"allow":["GET"]}}],"collection":[{"href":"https:\/\/www.goaix.rwth-aachen.de\/index.php?rest_route=\/wp\/v2\/pages"}],"about":[{"href":"https:\/\/www.goaix.rwth-aachen.de\/index.php?rest_route=\/wp\/v2\/types\/page"}],"author":[{"embeddable":true,"href":"https:\/\/www.goaix.rwth-aachen.de\/index.php?rest_route=\/wp\/v2\/users\/6"}],"replies":[{"embeddable":true,"href":"https:\/\/www.goaix.rwth-aachen.de\/index.php?rest_route=%2Fwp%2Fv2%2Fcomments&post=11"}],"version-history":[{"count":36,"href":"https:\/\/www.goaix.rwth-aachen.de\/index.php?rest_route=\/wp\/v2\/pages\/11\/revisions"}],"predecessor-version":[{"id":747,"href":"https:\/\/www.goaix.rwth-aachen.de\/index.php?rest_route=\/wp\/v2\/pages\/11\/revisions\/747"}],"wp:attachment":[{"href":"https:\/\/www.goaix.rwth-aachen.de\/index.php?rest_route=%2Fwp%2Fv2%2Fmedia&parent=11"}],"curies":[{"name":"wp","href":"https:\/\/api.w.org\/{rel}","templated":true}]}}