{"id":362,"date":"2020-04-27T10:38:04","date_gmt":"2020-04-27T08:38:04","guid":{"rendered":"http:\/\/www.goaix.rwth-aachen.de\/?page_id=362"},"modified":"2021-10-09T12:56:59","modified_gmt":"2021-10-09T10:56:59","slug":"goaix-online","status":"publish","type":"page","link":"https:\/\/www.goaix.rwth-aachen.de\/?page_id=362","title":{"rendered":"goAIX!-online"},"content":{"rendered":"<p><strong>Als Folge der Corona-Krise haben wir ein umfassendes Online-Angebot eingerichtet. Hier erhalten Sie Informationen \u00fcber Organisation, Ablauf und Anmeldung f\u00fcr <em>goAIX!<\/em>-online<\/strong><\/p>\n<p><a href=\"https:\/\/forms.gle\/JX87q8g3Jnhg8Pyk9\">Anmeldung f\u00fcr Gruppen<\/a><\/p>\n<p>goAIX!-online Termine f\u00fcr Einzelteilnehmer und Gruppen jederzeit nach Absprache m\u00f6glich.<\/p>\n<p><em>Spontane Teilnahme?<\/em> Geben Sie uns Bescheid (goaix@ipw.rwth-aachen.de)<\/p>\n<p>Einen \u00dcberblick \u00fcber unser Angebot finden Sie auf der Seite <a href=\"https:\/\/www.goaix.rwth-aachen.de\/?page_id=15\">Orte &amp; Module<\/a><\/p>\n<ul>\n<li><strong>Wer kann teilnehmen?<\/strong><\/li>\n<\/ul>\n<p>Neben dem \u00fcblichen Angebot f\u00fcr Lerngruppen, die von Lehrkr\u00e4ften angemeldet werden, sind\u00a0unsere online-Module nun f\u00fcr<strong> alle Interessierten<\/strong> ge\u00f6ffnet.<\/p>\n<ul>\n<li><strong>Wann finden Module statt?<\/strong><\/li>\n<\/ul>\n<p>Hier gibt es zwei M\u00f6glichkeiten: Lerngruppen aus einer Bildungseinrichtung oder Gruppe von Interessierten von mindestens drei Personen k\u00f6nnen uns gerne einen Terminwunsch \u00fcbermitteln. F\u00fcr Einzelpersonen bieten wir einige Termine an, an denen bevorzugt nach Voranmeldung, ansonsten aber auch spontan teilgenommen werden kann.<\/p>\n<ul>\n<li><strong>Was bieten wir?<\/strong><\/li>\n<\/ul>\n<p>Hier richten wir uns, gerade was Umfang und Anforderungsgrad angeht, ganz nach den Interessen der Teilnehmenden. In jedem Fall beginnt das Modul mit einem virtuellen Besuch an einem historischen Ort via VR-Video. Dann kann es weitergehen mit<\/p>\n<p style=\"text-align: center;\">einer historischen, politischen oder religi\u00f6sen Untersuchung des Ortes anhand unserer Materialien,<\/p>\n<p style=\"text-align: center;\">einer Diskussion \u00fcber die vergangene und gegenw\u00e4rtige Bedeutung des Ortes,<\/p>\n<p style=\"text-align: center;\">einem VR-Vergleich mit anderen Orten<\/p>\n<p style=\"text-align: center;\">und vielem mehr.<\/p>\n<ul>\n<li style=\"text-align: left;\"><strong>Wie lange dauert ein Modul?<\/strong><\/li>\n<\/ul>\n<p>Je nach Interesse und Ausgestaltung zwischen 15 und 90 Minuten<\/p>\n<ul>\n<li><strong>Fragen?<\/strong><\/li>\n<\/ul>\n<p>Kontaktieren Sie uns!<\/p>\n<p>goaix@ipw.rwth-aachen.de<\/p>\n<p>0241-8027146<\/p>\n<p>oder direkt <a href=\"https:\/\/forms.gle\/RgBt9vB3NM1AZWfaA\">hier<\/a><\/p>\n","protected":false},"excerpt":{"rendered":"<p>Als Folge der Corona-Krise haben wir ein umfassendes Online-Angebot eingerichtet. Hier erhalten Sie Informationen \u00fcber Organisation, Ablauf und Anmeldung f\u00fcr goAIX!-online Anmeldung f\u00fcr Gruppen goAIX!-online Termine f\u00fcr Einzelteilnehmer und Gruppen jederzeit nach Absprache m\u00f6glich. Spontane Teilnahme? Geben Sie uns Bescheid (goaix@ipw.rwth-aachen.de) Einen \u00dcberblick \u00fcber unser Angebot finden Sie auf der Seite Orte &amp; Module Wer [&hellip;]<\/p>\n","protected":false},"author":6,"featured_media":0,"parent":0,"menu_order":0,"comment_status":"closed","ping_status":"closed","template":"","meta":{"footnotes":""},"class_list":["post-362","page","type-page","status-publish","hentry"],"_links":{"self":[{"href":"https:\/\/www.goaix.rwth-aachen.de\/index.php?rest_route=\/wp\/v2\/pages\/362","targetHints":{"allow":["GET"]}}],"collection":[{"href":"https:\/\/www.goaix.rwth-aachen.de\/index.php?rest_route=\/wp\/v2\/pages"}],"about":[{"href":"https:\/\/www.goaix.rwth-aachen.de\/index.php?rest_route=\/wp\/v2\/types\/page"}],"author":[{"embeddable":true,"href":"https:\/\/www.goaix.rwth-aachen.de\/index.php?rest_route=\/wp\/v2\/users\/6"}],"replies":[{"embeddable":true,"href":"https:\/\/www.goaix.rwth-aachen.de\/index.php?rest_route=%2Fwp%2Fv2%2Fcomments&post=362"}],"version-history":[{"count":46,"href":"https:\/\/www.goaix.rwth-aachen.de\/index.php?rest_route=\/wp\/v2\/pages\/362\/revisions"}],"predecessor-version":[{"id":651,"href":"https:\/\/www.goaix.rwth-aachen.de\/index.php?rest_route=\/wp\/v2\/pages\/362\/revisions\/651"}],"wp:attachment":[{"href":"https:\/\/www.goaix.rwth-aachen.de\/index.php?rest_route=%2Fwp%2Fv2%2Fmedia&parent=362"}],"curies":[{"name":"wp","href":"https:\/\/api.w.org\/{rel}","templated":true}]}}