{"id":438,"date":"2020-06-16T16:34:01","date_gmt":"2020-06-16T14:34:01","guid":{"rendered":"http:\/\/www.goaix.rwth-aachen.de\/?page_id=438"},"modified":"2020-09-24T21:27:36","modified_gmt":"2020-09-24T19:27:36","slug":"wo-menschen-glauben-weltreligionen-anhand-ihrer-glaubensorte-kennen-lernen","status":"publish","type":"page","link":"https:\/\/www.goaix.rwth-aachen.de\/?page_id=438","title":{"rendered":"&#8222;Wo Menschen glauben &#8211; Weltreligionen anhand ihrer Glaubensorte kennen lernen&#8220;"},"content":{"rendered":"<p>Hier erhalten Sie einen \u00dcberblick \u00fcber die Glaubensorte, die Sie f\u00fcr dieses Modul ausw\u00e4hlen k\u00f6nnen. Alle Orte sind als VirtualReality-Videos erschlossen, sodass das Modul auch in der Schule oder im Rahmen von <a href=\"https:\/\/www.goaix.rwth-aachen.de\/?page_id=362\">goAIX!-online<\/a> durchgef\u00fchrt werden kann.<\/p>\n<p>Kontaktieren Sie uns gerne f\u00fcr die genaue Planung!<\/p>\n\n<table id=\"tablepress-6\" class=\"tablepress tablepress-id-6\">\n<tbody class=\"row-striping row-hover\">\n<tr class=\"row-1\">\n\t<td class=\"column-1\"><img loading=\"lazy\" decoding=\"async\" src=\"http:\/\/www.goaix.rwth-aachen.de\/wp-content\/uploads\/2020\/06\/Aachen_Annakirche-150x150.jpg\" alt=\"Aachen_Annakirche\" width=\"150\" height=\"150\" class=\"aligncenter size-thumbnail wp-image-433\" \/><p><a href=\"https:\/\/creativecommons.org\/licenses\/by-sa\/3.0\">CC-BY-SA 3.0<\/a> Norbert Schnitzler<\/p><\/td><td class=\"column-2\"><strong>Annakirche<\/strong><br \/>\n<br \/>\nDie Annakirche wurde 1532 als katholische Klosterkirche der Benediktinerinnen erbaut. 200 Jahre sp\u00e4ter wurde der Bau durch den Architekten Johann Joseph Couven erweitert. Nach der Aufl\u00f6sung des Klosters unter franz\u00f6sischer Besatzung widmete Napoleon I. sie 1803 f\u00fcr Christen des lutherischen und reformierten Bekenntnisse um. Im Zweiten Weltkrieg wurde die Annakirche fast vollst\u00e4ndig zerst\u00f6rt, konnte aber in den Jahren 1950 bis 1951 nach ihrem alten Vorbild wieder aufgebaut werden.<\/td>\n<\/tr>\n<tr class=\"row-2\">\n\t<td class=\"column-1\"><img loading=\"lazy\" decoding=\"async\" src=\"http:\/\/www.goaix.rwth-aachen.de\/wp-content\/uploads\/2020\/06\/Foillan-150x150.png\" alt=\"Foillan\" width=\"150\" height=\"150\" class=\"aligncenter size-thumbnail wp-image-430\" \/><p><a href=\"https:\/\/creativecommons.org\/licenses\/by-sa\/3.0\">CC-BY-SA 3.0<\/a> Euku<\/p><\/td><td class=\"column-2\"><strong>St. Foillan<\/strong><br \/>\n<br \/>\nUm 1180 wurde in unmittelbarer N\u00e4he des Aachener Doms eine weitere Kirche, die als einzige Kirche im deutschsprachigen Raum dem irischen Heiligen Foillan geweiht ist,  auf Kosten und f\u00fcr die Aachener B\u00fcrger gebaut, die ihre Gottesdienste nicht wie die Privilegierten des Reiches im Dom feiern konnten.<br \/>\nIm Zuge des Wachstums der Stadt wurde an Stelle dieser Kirche 1414 ein erweiterter Neubau errichtet. Durch den Ausbau von Dom und Kirche r\u00fcckten die beiden Gottesh\u00e4user extrem eng zusammen, sodass bis heute nur eine Schmale Gasse zwischen ihnen durchf\u00fchrt. 1944 durch Bomben nahezu vollst\u00e4ndig zerst\u00f6rt und erst 1956 bis 1958 wieder errichtet, sind von der alten Substanz St. Foillans nur noch Teile des Chors und der Fassade geblieben.<\/td>\n<\/tr>\n<tr class=\"row-3\">\n\t<td class=\"column-1\"><img loading=\"lazy\" decoding=\"async\" src=\"http:\/\/www.goaix.rwth-aachen.de\/wp-content\/uploads\/2016\/09\/st_miachel_s-150x150.png\" alt=\"st_miachel_s\" width=\"150\" height=\"150\" class=\"aligncenter size-thumbnail wp-image-165\" \/><\/td><td class=\"column-2\"><strong>Griechisch-orthodoxe Kirche Erzengel Michael\/Hagios Dimitrios<\/strong><br \/>\n<br \/>\nErbaut wurde die Kirche 1617 bis 1627 als Ordenskirche der Jesuiten. In der Franzosenzeit erfuhr sie eine Profanierung zu einem Getreidespeicher. Ab 1804 fungierte sie als katholische Pfarrkirche des Erzengels Michael, bis sie 1987 der Aachener Gemeinde Hagios Dimitrios der Griechisch-orthodoxen Metropolie in Deutschland zugesprochen wurde, die schon seit 1962 hier besteht.<\/td>\n<\/tr>\n<tr class=\"row-4\">\n\t<td class=\"column-1\"><img loading=\"lazy\" decoding=\"async\" src=\"http:\/\/www.goaix.rwth-aachen.de\/wp-content\/uploads\/2020\/06\/IMG_20200612_113413-150x150.jpg\" alt=\"IMG_20200612_113413\" width=\"150\" height=\"150\" class=\"aligncenter size-thumbnail wp-image-435\" \/><\/td><td class=\"column-2\"><strong>Sri Kamadchi Ampal Tempel (Hamm)<\/strong><br \/>\n<br \/>\nSeit 1989 besteht in Hamm in Westfalen eine hinduistische Gemeinde, die insbesondere eng mit der Flucht Tausender Familien aus Sri Lanke ab 1983 verbunden ist. 2002 wurden Sri Kamadchi, die Planeteng\u00f6tter und zahlreiche weitere Gottheiten feierlich in dem Hallentempel inthronisiert, der auf seinen 700 qm Fl\u00e4che streng rituell ausgerichtet ist<\/td>\n<\/tr>\n<tr class=\"row-5\">\n\t<td class=\"column-1\"><img loading=\"lazy\" decoding=\"async\" src=\"http:\/\/www.goaix.rwth-aachen.de\/wp-content\/uploads\/2020\/09\/20200902_094723-min-150x150.jpg\" alt=\"\" width=\"150\" height=\"150\" class=\"aligncenter size-thumbnail wp-image-483\" \/><\/td><td class=\"column-2\"><strong>Drikung Sherab Migched Ling - Zentrum f\u00fcr Tibetischen Buddhismus<\/strong><br \/>\n<br \/>\nDas Drikung Sherab Migched Ling \u2013 Zentrum f\u00fcr tibetischen Buddhismus wurde 1982 in der Oppenhoffallee, Aachen gegr\u00fcndet. Seine Mitglieder folgen der Drikung-Kagy\u00fc Lehre, einer der vier gro\u00dfen Schulen des tibetischen Buddhismus, die hinsichtlich ihrer Sichtweise, ihres Verhaltens und ihrer Praxis an den Kern der Lehre Buddhas ankn\u00fcpft.<br \/>\n<\/td>\n<\/tr>\n<tr class=\"row-6\">\n\t<td class=\"column-1\"><img loading=\"lazy\" decoding=\"async\" src=\"http:\/\/www.goaix.rwth-aachen.de\/wp-content\/uploads\/2016\/09\/syna_s-150x150.png\" alt=\"\" width=\"150\" height=\"150\" class=\"aligncenter size-thumbnail wp-image-185\" \/><\/td><td class=\"column-2\"><p><strong>Aachener Synagoge<\/strong><\/p> <p>Spuren einer Synagoge in Aachen gab es schon 1815, gesichert ist ihre Existenz jedoch ab 1839 in einem Haus am Hirschgraben. 1860 bis 1862 wurde eine gro\u00dfe Synagoge auf dem Promenadenplatz errichtet, die jedoch am 10. November 1938 im Zuge der Reichspogromnacht von den Nationalsozialisten durch ein Feuer zerst\u00f6rt wurde. Ihre Ruine wurde im Auftrag der Stadt niedergerissen. Erst 1995, als sich langsam wieder eine j\u00fcdische Gemeinde in Aachen etablierte, wurde am alten Standort eine neue Synagoge errichtet.<br \/>\n<br \/>\n(nur eingeschr\u00e4nktes VR-Angebot)<br \/>\n<\/td>\n<\/tr>\n<tr class=\"row-7\">\n\t<td class=\"column-1\">VR-VIDEO IN VORBEREITUNG<\/td><td class=\"column-2\"><p><strong>Islamisches Zentrum Bilal Moschee<\/strong><\/p> <p>Das Islamische Zentrum Bilal Moschee wurde 1964 bis 1971 nach langen Diskussionen unterschiedlichen geplanten Standorten auf dem Gel\u00e4nde der Technischen Hochschule Aachen erbaut. Sie bietet den Studierenden der Universit\u00e4ten aus Aachen, K\u00f6ln und Bonn sowie den muslimischen Aachener B\u00fcrgern einen Ort des Gebetes und der Gemeinschaft.<\/p><\/td>\n<\/tr>\n<\/tbody>\n<\/table>\n<!-- #tablepress-6 from cache -->\n","protected":false},"excerpt":{"rendered":"<p>Hier erhalten Sie einen \u00dcberblick \u00fcber die Glaubensorte, die Sie f\u00fcr dieses Modul ausw\u00e4hlen k\u00f6nnen. Alle Orte sind als VirtualReality-Videos erschlossen, sodass das Modul auch in der Schule oder im Rahmen von goAIX!-online durchgef\u00fchrt werden kann. Kontaktieren Sie uns gerne f\u00fcr die genaue Planung!<\/p>\n","protected":false},"author":6,"featured_media":0,"parent":0,"menu_order":0,"comment_status":"closed","ping_status":"closed","template":"","meta":{"footnotes":""},"class_list":["post-438","page","type-page","status-publish","hentry"],"_links":{"self":[{"href":"https:\/\/www.goaix.rwth-aachen.de\/index.php?rest_route=\/wp\/v2\/pages\/438","targetHints":{"allow":["GET"]}}],"collection":[{"href":"https:\/\/www.goaix.rwth-aachen.de\/index.php?rest_route=\/wp\/v2\/pages"}],"about":[{"href":"https:\/\/www.goaix.rwth-aachen.de\/index.php?rest_route=\/wp\/v2\/types\/page"}],"author":[{"embeddable":true,"href":"https:\/\/www.goaix.rwth-aachen.de\/index.php?rest_route=\/wp\/v2\/users\/6"}],"replies":[{"embeddable":true,"href":"https:\/\/www.goaix.rwth-aachen.de\/index.php?rest_route=%2Fwp%2Fv2%2Fcomments&post=438"}],"version-history":[{"count":2,"href":"https:\/\/www.goaix.rwth-aachen.de\/index.php?rest_route=\/wp\/v2\/pages\/438\/revisions"}],"predecessor-version":[{"id":739,"href":"https:\/\/www.goaix.rwth-aachen.de\/index.php?rest_route=\/wp\/v2\/pages\/438\/revisions\/739"}],"wp:attachment":[{"href":"https:\/\/www.goaix.rwth-aachen.de\/index.php?rest_route=%2Fwp%2Fv2%2Fmedia&parent=438"}],"curies":[{"name":"wp","href":"https:\/\/api.w.org\/{rel}","templated":true}]}}